{"id":14,"date":"2016-11-02T02:28:04","date_gmt":"2016-11-02T02:28:04","guid":{"rendered":"https:\/\/avadawebsites.wpengine.com\/dentist\/?page_id=14"},"modified":"2026-03-25T11:39:23","modified_gmt":"2026-03-25T10:39:23","slug":"reserve-ton-soin","status":"publish","type":"page","link":"https:\/\/lesmainssages.be\/index.php\/reserve-ton-soin\/","title":{"rendered":"R\u00e9serve ton soin facilement"},"content":{"rendered":"<div class=\"fusion-fullwidth fullwidth-box fusion-builder-row-1 fusion-flex-container has-pattern-background has-mask-background nonhundred-percent-fullwidth non-hundred-percent-height-scrolling\" style=\"--awb-border-radius-top-left:0px;--awb-border-radius-top-right:0px;--awb-border-radius-bottom-right:0px;--awb-border-radius-bottom-left:0px;--awb-padding-top:80px;--awb-padding-bottom:80px;--awb-background-color:var(--awb-color7);--awb-flex-wrap:wrap;\" ><div class=\"fusion-builder-row fusion-row fusion-flex-align-items-flex-start fusion-flex-content-wrap\" style=\"max-width:calc( 1100px + 0px );margin-left: calc(-0px \/ 2 );margin-right: calc(-0px \/ 2 );\"><div class=\"fusion-layout-column fusion_builder_column fusion-builder-column-0 fusion_builder_column_1_1 1_1 fusion-flex-column\" style=\"--awb-bg-blend:overlay;--awb-bg-size:cover;--awb-width-large:100%;--awb-margin-top-large:2%;--awb-spacing-right-large:calc( 0.03 * calc( 100% - 0px ) );--awb-margin-bottom-large:2%;--awb-spacing-left-large:0px;--awb-width-medium:100%;--awb-spacing-right-medium:0px;--awb-spacing-left-medium:0px;--awb-width-small:100%;--awb-spacing-right-small:0px;--awb-spacing-left-small:0px;\"><div class=\"fusion-column-wrapper fusion-flex-justify-content-flex-start fusion-content-layout-column\"><div class=\"fusion-title title fusion-title-1 fusion-title-text fusion-title-size-two\" style=\"--awb-text-color:var(--awb-color4);--awb-margin-top-small:0px;--awb-margin-right-small:0px;--awb-margin-bottom-small:20px;--awb-margin-left-small:0px;\"><div class=\"title-sep-container title-sep-container-left fusion-no-large-visibility fusion-no-medium-visibility fusion-no-small-visibility\"><div class=\"title-sep sep- sep-solid\" style=\"border-color:var(--awb-color3);\"><\/div><\/div><span class=\"awb-title-spacer fusion-no-large-visibility fusion-no-medium-visibility fusion-no-small-visibility\"><\/span><h2 class=\"fusion-title-heading title-heading-left\" style=\"margin:0;\">R\u00e9serve ton soin facilement<\/h2><span class=\"awb-title-spacer\"><\/span><div class=\"title-sep-container title-sep-container-right\"><div class=\"title-sep sep- sep-solid\" style=\"border-color:var(--awb-color3);\"><\/div><\/div><\/div><div class=\"fusion-text fusion-text-1\" style=\"--awb-text-color:var(--awb-color1);\"><p>R\u00e9serve ton soin facilement et instantan\u00e9ment via le formulaire ci-dessous. Choisis le cr\u00e9neau qui te convient et re\u00e7ois ta confirmation directement par e-mail. Chaque s\u00e9ance est une invitation \u00e0 ralentir, rel\u00e2cher les tensions et soutenir l\u2019autor\u00e9gulation naturelle du corps, dans un cadre apaisant et respectueux de vos besoins. <strong>Pour plus de flexibilit\u00e9, tu peux payer en ligne (paiement s\u00e9curis\u00e9 via PayPal) ou sur place, le jour de votre soin, par application bancaire ou en esp\u00e8ces.<\/strong><\/p>\n<\/div><div class=\"fusion-text fusion-text-2\"><div\n\tclass=\"bhub-step-booking-form-wrapper\"\n\tdata-mode=\"time\"\n\t>\n\t<div\n\t\tclass=\"bhub-step-booking-form\"\n\t\tid=\"bhub-step-booking-form-1299\"\n\t\tdata-form-id=\"1299\"\n\t\tdata-booking-id=\"bhub-booking-6a01c078bc68e\"\n\t\tdata-next-text=\"Continue\"\n\t\tdata-prev-text=\"Retour\"\n\t\tdata-next-icon=\"\"\n\t\tdata-prev-icon=\"\"\n\t\tdata-initial-step=\"service\"\n\t\tdata-service-style=\"default\"\n\t\tdata-date-style=\"month\"\n\t\tdata-stepper-style=\"default\"\n\t\tdata-featured-extra=\"\"\n\t\tdata-timezone=\"+01:00\"\n\t\tdata-scroll=\"visible\"\n\t\tdata-skeleton-loader=\"\"\n\t\t\t>\n\t\t<div class=\"bhub-info-box\" data-item=\"info-box\">\n\t<div class=\"bhub-info-box__toggle\">\n\t\tMore Info\t\t<svg xmlns=\"http:\/\/www.w3.org\/2000\/svg\" width=\"16\" height=\"16\" viewBox=\"0 0 24 24\" fill=\"none\" stroke=\"currentColor\" stroke-width=\"1.25\" stroke-linecap=\"round\" stroke-linejoin=\"round\" class=\"bhub-svg-icon bhub-svg-icon-chevronDown\"><path stroke=\"none\" d=\"M0 0h24v24H0z\" fill=\"none\" \/><path d=\"M6 9l6 6l6 -6\" \/><\/svg>\t<\/div>\n\t\t\t\t<div class=\"bhub-info-box__buttons\">\n\t\t\t\t\t\t\t<button\n\t\t\t\t\ttype=\"button\"\n\t\t\t\t\tdata-tippy-content=\"Contact\"\n\t\t\t\t\tdata-call-item=\"contact\"\n\t\t\t\t>\n\t\t\t\t\t<svg xmlns=\"http:\/\/www.w3.org\/2000\/svg\" width=\"24\" height=\"24\" viewBox=\"0 0 24 24\" fill=\"none\" stroke=\"currentColor\" stroke-width=\"1.25\" stroke-linecap=\"round\" stroke-linejoin=\"round\" class=\"bhub-svg-icon bhub-svg-icon-calling\"><path stroke=\"none\" d=\"M0 0h24v24H0z\" fill=\"none\" \/><path d=\"M5 4h4l2 5l-2.5 1.5a11 11 0 0 0 5 5l1.5 -2.5l5 2v4a2 2 0 0 1 -2 2a16 16 0 0 1 -15 -15a2 2 0 0 1 2 -2\" \/><path d=\"M15 7a2 2 0 0 1 2 2\" \/><path d=\"M15 3a6 6 0 0 1 6 6\" \/><\/svg>\t\t\t\t<\/button>\n\t\t\t\t\t\t\t\t\t\t\t\t\t<button\n\t\t\t\t\ttype=\"button\"\n\t\t\t\t\tdata-call-item=\"cancellation-policy\"\n\t\t\t\t\tdata-tippy-content=\"Politique d&#039;annulation.\"\n\t\t\t\t>\n\t\t\t\t\t<svg xmlns=\"http:\/\/www.w3.org\/2000\/svg\" width=\"24\" height=\"24\" viewBox=\"0 0 24 24\" fill=\"none\" stroke=\"currentColor\" stroke-width=\"1.25\" stroke-linecap=\"round\" stroke-linejoin=\"round\" class=\"bhub-svg-icon bhub-svg-icon-infoCircle\"><path stroke=\"none\" d=\"M0 0h24v24H0z\" fill=\"none\" \/><path d=\"M3 12a9 9 0 1 0 18 0a9 9 0 0 0 -18 0\" \/><path d=\"M12 9h.01\" \/><path d=\"M11 12h1v4h1\" \/><\/svg>\t\t\t\t<\/button>\n\t\t\t\t\t\t\t\t\t\t\t\t\t<button\n\t\t\t\t\ttype=\"button\"\n\t\t\t\t\tdata-call-item=\"login\"\n\t\t\t\t\tdata-tippy-content=\"Login\"\n\t\t\t\t>\n\t\t\t\t\t<svg xmlns=\"http:\/\/www.w3.org\/2000\/svg\" width=\"24\" height=\"24\" viewBox=\"0 0 24 24\" fill=\"none\" stroke=\"currentColor\" stroke-width=\"1.25\" stroke-linecap=\"round\" stroke-linejoin=\"round\" class=\"bhub-svg-icon bhub-svg-icon-userCircle\"><path stroke=\"none\" d=\"M0 0h24v24H0z\" fill=\"none\" \/><path d=\"M3 12C3 13.1819 3.23279 14.3522 3.68508 15.4442C4.13738 16.5361 4.80031 17.5282 5.63604 18.364C6.47177 19.1997 7.46392 19.8626 8.55585 20.3149C9.64778 20.7672 10.8181 21 12 21C13.1819 21 14.3522 20.7672 15.4442 20.3149C16.5361 19.8626 17.5282 19.1997 18.364 18.364C19.1997 17.5282 19.8626 16.5361 20.3149 15.4442C20.7672 14.3522 21 13.1819 21 12C21 10.8181 20.7672 9.64778 20.3149 8.55585C19.8626 7.46392 19.1997 6.47177 18.364 5.63604C17.5282 4.80031 16.5361 4.13738 15.4442 3.68508C14.3522 3.23279 13.1819 3 12 3C10.8181 3 9.64778 3.23279 8.55585 3.68508C7.46392 4.13738 6.47177 4.80031 5.63604 5.63604C4.80031 6.47177 4.13738 7.46392 3.68508 8.55585C3.23279 9.64778 3 10.8181 3 12Z\" \/><path d=\"M9 10C9 10.7956 9.31607 11.5587 9.87868 12.1213C10.4413 12.6839 11.2044 13 12 13C12.7956 13 13.5587 12.6839 14.1213 12.1213C14.6839 11.5587 15 10.7956 15 10C15 9.20435 14.6839 8.44129 14.1213 7.87868C13.5587 7.31607 12.7956 7 12 7C11.2044 7 10.4413 7.31607 9.87868 7.87868C9.31607 8.44129 9 9.20435 9 10Z\" \/><path d=\"M6.168 18.849C6.41551 18.0252 6.92197 17.3032 7.61225 16.79C8.30252 16.2768 9.13985 15.9997 10 16H14C14.8613 15.9997 15.6996 16.2774 16.3904 16.7918C17.0812 17.3062 17.5875 18.0298 17.834 18.855\" \/><\/svg>\t\t\t\t<\/button>\n\t\t\t\t\t\t\t\t<\/div>\n\t<\/div>\n\t\t<div class=\"bhub-step-booking-form__grid bhub-step-booking-form__horizontal\">\n\t\t\t<div\n\tclass=\"bhub-step-booking-form__nav\"\n\tdata-all-steps=\"[&quot;service&quot;,&quot;date&quot;,&quot;form&quot;,&quot;summary&quot;,&quot;success&quot;]\"\n\tdata-stepper-wrapper=\"default\"\n\t>\n\t\t<div class=\"bhub-wizard--header bhub-wizard--header-direction-column bhub-wizard--header-align-space-between bhub-wizard--header-display-all bhub-wizard--header-hide-title bhub-wizard--header-hide-subtitle bhub-wizard--header-hide-content\">\n\t\t\t\t\t<div\n\t\t\t\tclass=\"bhub-wizard--header-item\"\n\t\t\t\tdata-nav-step=\"service\"\n\t\t\t\t\t\t\t\t\t\t\t>\n\t\t\t\t\t\t\t\t<div class=\"bhub-wizard--header-item--counter\"><span>1<\/span><\/div>\n\t\t\t\t<div class=\"bhub-wizard--header-item--content\">\n\t\t\t\t\t<div class=\"bhub-wizard--header-item--count-text\">Step 01<\/div>\n\t\t\t\t\t<div class=\"bhub-wizard--header-item--title\">Service<\/div>\n\t\t\t\t\t<div class=\"bhub-wizard--header-item--subtitle\">S\u00e9lectionnez votre soin<\/div>\n\t\t\t\t<\/div>\n\t\t\t<\/div>\n\t\t\t\t\t\t\t\t\t\t\t<div class=\"bhub-wizard--header-item--divider\"><\/div>\n\t\t\t\t\t\t\t\t<div\n\t\t\t\tclass=\"bhub-wizard--header-item bhub-wait\"\n\t\t\t\tdata-nav-step=\"date\"\n\t\t\t\t\t\t\t\t\t\t\t>\n\t\t\t\t\t\t\t\t<div class=\"bhub-wizard--header-item--counter\"><span>2<\/span><\/div>\n\t\t\t\t<div class=\"bhub-wizard--header-item--content\">\n\t\t\t\t\t<div class=\"bhub-wizard--header-item--count-text\">Step 02<\/div>\n\t\t\t\t\t<div class=\"bhub-wizard--header-item--title\">Date &amp; Time<\/div>\n\t\t\t\t\t<div class=\"bhub-wizard--header-item--subtitle\">Select a booking date<\/div>\n\t\t\t\t<\/div>\n\t\t\t<\/div>\n\t\t\t\t\t\t\t\t\t\t\t<div class=\"bhub-wizard--header-item--divider\"><\/div>\n\t\t\t\t\t\t\t\t<div\n\t\t\t\tclass=\"bhub-wizard--header-item bhub-wait\"\n\t\t\t\tdata-nav-step=\"form\"\n\t\t\t\t\t\t\t\t\t\t\t>\n\t\t\t\t\t\t\t\t<div class=\"bhub-wizard--header-item--counter\"><span>3<\/span><\/div>\n\t\t\t\t<div class=\"bhub-wizard--header-item--content\">\n\t\t\t\t\t<div class=\"bhub-wizard--header-item--count-text\">Step 03<\/div>\n\t\t\t\t\t<div class=\"bhub-wizard--header-item--title\">Form<\/div>\n\t\t\t\t\t<div class=\"bhub-wizard--header-item--subtitle\">Your details<\/div>\n\t\t\t\t<\/div>\n\t\t\t<\/div>\n\t\t\t\t\t\t\t\t\t\t\t<div class=\"bhub-wizard--header-item--divider\"><\/div>\n\t\t\t\t\t\t\t\t<div\n\t\t\t\tclass=\"bhub-wizard--header-item bhub-wait\"\n\t\t\t\tdata-nav-step=\"summary\"\n\t\t\t\t\t\t\t\t\t\t\t>\n\t\t\t\t\t\t\t\t<div class=\"bhub-wizard--header-item--counter\"><span>4<\/span><\/div>\n\t\t\t\t<div class=\"bhub-wizard--header-item--content\">\n\t\t\t\t\t<div class=\"bhub-wizard--header-item--count-text\">Step 04<\/div>\n\t\t\t\t\t<div class=\"bhub-wizard--header-item--title\">Summary<\/div>\n\t\t\t\t\t<div class=\"bhub-wizard--header-item--subtitle\">Appointment summary<\/div>\n\t\t\t\t<\/div>\n\t\t\t<\/div>\n\t\t\t\t\t\t\t\t\t\t\t<div class=\"bhub-wizard--header-item--divider\"><\/div>\n\t\t\t\t\t\t\t\t<div\n\t\t\t\tclass=\"bhub-wizard--header-item bhub-wait\"\n\t\t\t\tdata-nav-step=\"success\"\n\t\t\t\t\t\t\t\t\t\t\t>\n\t\t\t\t\t\t\t\t<div class=\"bhub-wizard--header-item--counter\"><span>5<\/span><\/div>\n\t\t\t\t<div class=\"bhub-wizard--header-item--content\">\n\t\t\t\t\t<div class=\"bhub-wizard--header-item--count-text\">Step 05<\/div>\n\t\t\t\t\t<div class=\"bhub-wizard--header-item--title\">Done<\/div>\n\t\t\t\t\t<div class=\"bhub-wizard--header-item--subtitle\">Appointment is done<\/div>\n\t\t\t\t<\/div>\n\t\t\t<\/div>\n\t\t\t\t\t\t<\/div>\n\n\t<\/div>\n\t\t\t<div class=\"bhub-step-booking-form__body\">\n\t\t\t\t\t\t\t\t<div class=\"bhub-step-booking-form__steps-wrapper\">\n\t\t\t\t\t<div class=\"bhub-step-booking-form__steps\">\n\t\t\t\t\t\t\t\t\t\t\t<\/div>\n\t\t\t\t\t\t\t\t\t<\/div>\n\t\t\t\t\t\t\t<\/div>\n\t\t\t\n<div class=\"bhub-step-booking-form__navigation\">\n\t<div class=\"bhub-step-booking-form__navigation-buttons\">\n\t\t\t\t\t\t\t<button\n\t\t\t\ttype=\"button\"\n\t\t\t\tclass=\"bhub-step-booking-form__navigation-button bhub-step-booking-form__navigation-button--back  bhub-step-booking-form__navigation-button--back-icon\"\n\t\t\t\tdata-action=\"prev\"\n\t\t\t>\n\t\t\t\t\t\t\t\t\t<span class=\"bhub-flex\"><svg xmlns=\"http:\/\/www.w3.org\/2000\/svg\" width=\"14\" height=\"14\" viewBox=\"0 0 24 24\" fill=\"none\" stroke=\"currentColor\" stroke-width=\"1.25\" stroke-linecap=\"round\" stroke-linejoin=\"round\" class=\"bhub-svg-icon bhub-svg-icon-chevronLeft\"><path stroke=\"none\" d=\"M0 0h24v24H0z\" fill=\"none\" \/><path d=\"M15 6l-6 6l6 6\" \/><\/svg><\/span>\n\t\t\t\t\t\t\t\t<span class=\"bhub-step-booking-form__navigation-button--text\">Retour<\/span>\n\t\t\t<\/button>\n\t\t\t\t\t\t<button\n\t\t\ttype=\"button\"\n\t\t\tclass=\"bhub-step-booking-form__navigation-button bhub-step-booking-form__navigation-button--continue  bhub-step-booking-form__navigation-button--continue-icon\"\n\t\t\tdata-action=\"next\"\n\t\t>\n\t\t\t\t\t\t\t<span class=\"bhub-flex\"><svg xmlns=\"http:\/\/www.w3.org\/2000\/svg\" width=\"14\" height=\"14\" viewBox=\"0 0 24 24\" fill=\"none\" stroke=\"currentColor\" stroke-width=\"1.25\" stroke-linecap=\"round\" stroke-linejoin=\"round\" class=\"bhub-svg-icon bhub-svg-icon-chevronRight\"><path stroke=\"none\" d=\"M0 0h24v24H0z\" fill=\"none\" \/><path d=\"M9 6l6 6l-6 6\" \/><\/svg><\/span>\n\t\t\t\t\t\t<span class=\"bhub-step-booking-form__navigation-button--text\">Continue<\/span>\n\t\t<\/button>\n\t\t\t<\/div>\n<\/div>\n\t\t<\/div>\n\t<\/div>\n<\/div>\n<\/div><\/div><\/div><\/div><\/div>\n","protected":false},"excerpt":{"rendered":"","protected":false},"author":1,"featured_media":1402,"parent":0,"menu_order":0,"comment_status":"closed","ping_status":"closed","template":"100-width.php","meta":{"footnotes":""},"class_list":["post-14","page","type-page","status-publish","has-post-thumbnail","hentry"],"yoast_head":"<!-- This site is optimized with the Yoast SEO plugin v27.5 - https:\/\/yoast.com\/product\/yoast-seo-wordpress\/ -->\n<title>R\u00e9serve ton soin facilement - Booking et paiement online<\/title>\n<meta name=\"description\" content=\"R\u00e9serve ton soin facilement. Confirmation instantan\u00e9e par e-mail. Possibilit\u00e9 de paiement online ou sur place lors de votre soin.\" \/>\n<meta name=\"robots\" content=\"index, follow, max-snippet:-1, max-image-preview:large, max-video-preview:-1\" \/>\n<link rel=\"canonical\" href=\"https:\/\/lesmainssages.be\/index.php\/reserve-ton-soin\/\" \/>\n<meta property=\"og:locale\" content=\"fr_FR\" \/>\n<meta property=\"og:type\" content=\"article\" \/>\n<meta property=\"og:title\" content=\"R\u00e9serve ton soin facilement - Booking et paiement online\" \/>\n<meta property=\"og:description\" content=\"R\u00e9serve ton soin facilement. Confirmation instantan\u00e9e par e-mail. Possibilit\u00e9 de paiement online ou sur place lors de votre soin.\" \/>\n<meta property=\"og:url\" content=\"https:\/\/lesmainssages.be\/index.php\/reserve-ton-soin\/\" \/>\n<meta property=\"og:site_name\" content=\"Les mains sages\" \/>\n<meta property=\"article:modified_time\" content=\"2026-03-25T10:39:23+00:00\" \/>\n<meta property=\"og:image\" content=\"https:\/\/lesmainssages.be\/wp-content\/uploads\/2025\/09\/back_reservationbtn.jpg\" \/>\n\t<meta property=\"og:image:width\" content=\"2000\" \/>\n\t<meta property=\"og:image:height\" content=\"1333\" \/>\n\t<meta property=\"og:image:type\" content=\"image\/jpeg\" \/>\n<meta name=\"twitter:card\" content=\"summary_large_image\" \/>\n<meta name=\"twitter:label1\" content=\"Dur\u00e9e de lecture est.\" \/>\n\t<meta name=\"twitter:data1\" content=\"2 minutes\" \/>\n<script type=\"application\/ld+json\" class=\"yoast-schema-graph\">{\"@context\":\"https:\\\/\\\/schema.org\",\"@graph\":[{\"@type\":\"WebPage\",\"@id\":\"https:\\\/\\\/lesmainssages.be\\\/index.php\\\/reserve-ton-soin\\\/\",\"url\":\"https:\\\/\\\/lesmainssages.be\\\/index.php\\\/reserve-ton-soin\\\/\",\"name\":\"R\u00e9serve ton soin facilement - Booking et paiement online\",\"isPartOf\":{\"@id\":\"https:\\\/\\\/lesmainssages.be\\\/#website\"},\"primaryImageOfPage\":{\"@id\":\"https:\\\/\\\/lesmainssages.be\\\/index.php\\\/reserve-ton-soin\\\/#primaryimage\"},\"image\":{\"@id\":\"https:\\\/\\\/lesmainssages.be\\\/index.php\\\/reserve-ton-soin\\\/#primaryimage\"},\"thumbnailUrl\":\"https:\\\/\\\/lesmainssages.be\\\/wp-content\\\/uploads\\\/2025\\\/09\\\/back_reservationbtn.jpg\",\"datePublished\":\"2016-11-02T02:28:04+00:00\",\"dateModified\":\"2026-03-25T10:39:23+00:00\",\"description\":\"R\u00e9serve ton soin facilement. Confirmation instantan\u00e9e par e-mail. Possibilit\u00e9 de paiement online ou sur place lors de votre soin.\",\"breadcrumb\":{\"@id\":\"https:\\\/\\\/lesmainssages.be\\\/index.php\\\/reserve-ton-soin\\\/#breadcrumb\"},\"inLanguage\":\"fr-BE\",\"potentialAction\":[{\"@type\":\"ReadAction\",\"target\":[\"https:\\\/\\\/lesmainssages.be\\\/index.php\\\/reserve-ton-soin\\\/\"]}]},{\"@type\":\"ImageObject\",\"inLanguage\":\"fr-BE\",\"@id\":\"https:\\\/\\\/lesmainssages.be\\\/index.php\\\/reserve-ton-soin\\\/#primaryimage\",\"url\":\"https:\\\/\\\/lesmainssages.be\\\/wp-content\\\/uploads\\\/2025\\\/09\\\/back_reservationbtn.jpg\",\"contentUrl\":\"https:\\\/\\\/lesmainssages.be\\\/wp-content\\\/uploads\\\/2025\\\/09\\\/back_reservationbtn.jpg\",\"width\":2000,\"height\":1333,\"caption\":\"breathe LMS\"},{\"@type\":\"BreadcrumbList\",\"@id\":\"https:\\\/\\\/lesmainssages.be\\\/index.php\\\/reserve-ton-soin\\\/#breadcrumb\",\"itemListElement\":[{\"@type\":\"ListItem\",\"position\":1,\"name\":\"Accueil\",\"item\":\"https:\\\/\\\/lesmainssages.be\\\/\"},{\"@type\":\"ListItem\",\"position\":2,\"name\":\"R\u00e9serve ton soin facilement\"}]},{\"@type\":\"WebSite\",\"@id\":\"https:\\\/\\\/lesmainssages.be\\\/#website\",\"url\":\"https:\\\/\\\/lesmainssages.be\\\/\",\"name\":\"Les mains sages\",\"description\":\"\",\"publisher\":{\"@id\":\"https:\\\/\\\/lesmainssages.be\\\/#\\\/schema\\\/person\\\/265c6429c6193918779b371d93a513c5\"},\"potentialAction\":[{\"@type\":\"SearchAction\",\"target\":{\"@type\":\"EntryPoint\",\"urlTemplate\":\"https:\\\/\\\/lesmainssages.be\\\/?s={search_term_string}\"},\"query-input\":{\"@type\":\"PropertyValueSpecification\",\"valueRequired\":true,\"valueName\":\"search_term_string\"}}],\"inLanguage\":\"fr-BE\"},{\"@type\":[\"Person\",\"Organization\"],\"@id\":\"https:\\\/\\\/lesmainssages.be\\\/#\\\/schema\\\/person\\\/265c6429c6193918779b371d93a513c5\",\"name\":\"Paul de Stexhe\",\"image\":{\"@type\":\"ImageObject\",\"inLanguage\":\"fr-BE\",\"@id\":\"https:\\\/\\\/lesmainssages.be\\\/wp-content\\\/uploads\\\/2025\\\/09\\\/LesMainsSages_Logo_OK.jpg\",\"url\":\"https:\\\/\\\/lesmainssages.be\\\/wp-content\\\/uploads\\\/2025\\\/09\\\/LesMainsSages_Logo_OK.jpg\",\"contentUrl\":\"https:\\\/\\\/lesmainssages.be\\\/wp-content\\\/uploads\\\/2025\\\/09\\\/LesMainsSages_Logo_OK.jpg\",\"width\":1668,\"height\":1667,\"caption\":\"Paul de Stexhe\"},\"logo\":{\"@id\":\"https:\\\/\\\/lesmainssages.be\\\/wp-content\\\/uploads\\\/2025\\\/09\\\/LesMainsSages_Logo_OK.jpg\"},\"sameAs\":[\"http:\\\/\\\/lesmainssages.be\"]}]}<\/script>\n<!-- \/ Yoast SEO plugin. -->","yoast_head_json":{"title":"R\u00e9serve ton soin facilement - Booking et paiement online","description":"R\u00e9serve ton soin facilement. Confirmation instantan\u00e9e par e-mail. Possibilit\u00e9 de paiement online ou sur place lors de votre soin.","robots":{"index":"index","follow":"follow","max-snippet":"max-snippet:-1","max-image-preview":"max-image-preview:large","max-video-preview":"max-video-preview:-1"},"canonical":"https:\/\/lesmainssages.be\/index.php\/reserve-ton-soin\/","og_locale":"fr_FR","og_type":"article","og_title":"R\u00e9serve ton soin facilement - Booking et paiement online","og_description":"R\u00e9serve ton soin facilement. Confirmation instantan\u00e9e par e-mail. Possibilit\u00e9 de paiement online ou sur place lors de votre soin.","og_url":"https:\/\/lesmainssages.be\/index.php\/reserve-ton-soin\/","og_site_name":"Les mains sages","article_modified_time":"2026-03-25T10:39:23+00:00","og_image":[{"width":2000,"height":1333,"url":"https:\/\/lesmainssages.be\/wp-content\/uploads\/2025\/09\/back_reservationbtn.jpg","type":"image\/jpeg"}],"twitter_card":"summary_large_image","twitter_misc":{"Dur\u00e9e de lecture est.":"2 minutes"},"schema":{"@context":"https:\/\/schema.org","@graph":[{"@type":"WebPage","@id":"https:\/\/lesmainssages.be\/index.php\/reserve-ton-soin\/","url":"https:\/\/lesmainssages.be\/index.php\/reserve-ton-soin\/","name":"R\u00e9serve ton soin facilement - Booking et paiement online","isPartOf":{"@id":"https:\/\/lesmainssages.be\/#website"},"primaryImageOfPage":{"@id":"https:\/\/lesmainssages.be\/index.php\/reserve-ton-soin\/#primaryimage"},"image":{"@id":"https:\/\/lesmainssages.be\/index.php\/reserve-ton-soin\/#primaryimage"},"thumbnailUrl":"https:\/\/lesmainssages.be\/wp-content\/uploads\/2025\/09\/back_reservationbtn.jpg","datePublished":"2016-11-02T02:28:04+00:00","dateModified":"2026-03-25T10:39:23+00:00","description":"R\u00e9serve ton soin facilement. Confirmation instantan\u00e9e par e-mail. Possibilit\u00e9 de paiement online ou sur place lors de votre soin.","breadcrumb":{"@id":"https:\/\/lesmainssages.be\/index.php\/reserve-ton-soin\/#breadcrumb"},"inLanguage":"fr-BE","potentialAction":[{"@type":"ReadAction","target":["https:\/\/lesmainssages.be\/index.php\/reserve-ton-soin\/"]}]},{"@type":"ImageObject","inLanguage":"fr-BE","@id":"https:\/\/lesmainssages.be\/index.php\/reserve-ton-soin\/#primaryimage","url":"https:\/\/lesmainssages.be\/wp-content\/uploads\/2025\/09\/back_reservationbtn.jpg","contentUrl":"https:\/\/lesmainssages.be\/wp-content\/uploads\/2025\/09\/back_reservationbtn.jpg","width":2000,"height":1333,"caption":"breathe LMS"},{"@type":"BreadcrumbList","@id":"https:\/\/lesmainssages.be\/index.php\/reserve-ton-soin\/#breadcrumb","itemListElement":[{"@type":"ListItem","position":1,"name":"Accueil","item":"https:\/\/lesmainssages.be\/"},{"@type":"ListItem","position":2,"name":"R\u00e9serve ton soin facilement"}]},{"@type":"WebSite","@id":"https:\/\/lesmainssages.be\/#website","url":"https:\/\/lesmainssages.be\/","name":"Les mains sages","description":"","publisher":{"@id":"https:\/\/lesmainssages.be\/#\/schema\/person\/265c6429c6193918779b371d93a513c5"},"potentialAction":[{"@type":"SearchAction","target":{"@type":"EntryPoint","urlTemplate":"https:\/\/lesmainssages.be\/?s={search_term_string}"},"query-input":{"@type":"PropertyValueSpecification","valueRequired":true,"valueName":"search_term_string"}}],"inLanguage":"fr-BE"},{"@type":["Person","Organization"],"@id":"https:\/\/lesmainssages.be\/#\/schema\/person\/265c6429c6193918779b371d93a513c5","name":"Paul de Stexhe","image":{"@type":"ImageObject","inLanguage":"fr-BE","@id":"https:\/\/lesmainssages.be\/wp-content\/uploads\/2025\/09\/LesMainsSages_Logo_OK.jpg","url":"https:\/\/lesmainssages.be\/wp-content\/uploads\/2025\/09\/LesMainsSages_Logo_OK.jpg","contentUrl":"https:\/\/lesmainssages.be\/wp-content\/uploads\/2025\/09\/LesMainsSages_Logo_OK.jpg","width":1668,"height":1667,"caption":"Paul de Stexhe"},"logo":{"@id":"https:\/\/lesmainssages.be\/wp-content\/uploads\/2025\/09\/LesMainsSages_Logo_OK.jpg"},"sameAs":["http:\/\/lesmainssages.be"]}]}},"_links":{"self":[{"href":"https:\/\/lesmainssages.be\/index.php\/wp-json\/wp\/v2\/pages\/14","targetHints":{"allow":["GET"]}}],"collection":[{"href":"https:\/\/lesmainssages.be\/index.php\/wp-json\/wp\/v2\/pages"}],"about":[{"href":"https:\/\/lesmainssages.be\/index.php\/wp-json\/wp\/v2\/types\/page"}],"author":[{"embeddable":true,"href":"https:\/\/lesmainssages.be\/index.php\/wp-json\/wp\/v2\/users\/1"}],"replies":[{"embeddable":true,"href":"https:\/\/lesmainssages.be\/index.php\/wp-json\/wp\/v2\/comments?post=14"}],"version-history":[{"count":20,"href":"https:\/\/lesmainssages.be\/index.php\/wp-json\/wp\/v2\/pages\/14\/revisions"}],"predecessor-version":[{"id":1614,"href":"https:\/\/lesmainssages.be\/index.php\/wp-json\/wp\/v2\/pages\/14\/revisions\/1614"}],"wp:featuredmedia":[{"embeddable":true,"href":"https:\/\/lesmainssages.be\/index.php\/wp-json\/wp\/v2\/media\/1402"}],"wp:attachment":[{"href":"https:\/\/lesmainssages.be\/index.php\/wp-json\/wp\/v2\/media?parent=14"}],"curies":[{"name":"wp","href":"https:\/\/api.w.org\/{rel}","templated":true}]}}