{"id":3,"date":"2025-09-07T14:04:44","date_gmt":"2025-09-07T14:04:44","guid":{"rendered":"http:\/\/lesmainssages.be\/?page_id=3"},"modified":"2026-04-30T09:09:54","modified_gmt":"2026-04-30T08:09:54","slug":"confidentialite","status":"publish","type":"page","link":"https:\/\/lesmainssages.be\/index.php\/confidentialite\/","title":{"rendered":"Vos donn\u00e9es sont en s\u00e9curit\u00e9"},"content":{"rendered":"<div class=\"fusion-fullwidth fullwidth-box fusion-builder-row-1 fusion-flex-container has-pattern-background has-mask-background nonhundred-percent-fullwidth non-hundred-percent-height-scrolling\" style=\"--link_color: var(--awb-color1);--awb-border-radius-top-left:0px;--awb-border-radius-top-right:0px;--awb-border-radius-bottom-right:0px;--awb-border-radius-bottom-left:0px;--awb-padding-top:40px;--awb-padding-right:40px;--awb-padding-bottom:40px;--awb-padding-left:40px;--awb-flex-wrap:wrap;\" ><div class=\"fusion-builder-row fusion-row fusion-flex-align-items-flex-start fusion-flex-content-wrap\" style=\"max-width:1144px;margin-left: calc(-4% \/ 2 );margin-right: calc(-4% \/ 2 );\"><div class=\"fusion-layout-column fusion_builder_column fusion-builder-column-0 fusion_builder_column_1_1 1_1 fusion-flex-column\" style=\"--awb-bg-size:cover;--awb-width-large:100%;--awb-margin-top-large:0px;--awb-spacing-right-large:1.92%;--awb-margin-bottom-large:20px;--awb-spacing-left-large:1.92%;--awb-width-medium:100%;--awb-order-medium:0;--awb-spacing-right-medium:1.92%;--awb-spacing-left-medium:1.92%;--awb-width-small:100%;--awb-order-small:0;--awb-spacing-right-small:1.92%;--awb-spacing-left-small:1.92%;\"><div class=\"fusion-column-wrapper fusion-column-has-shadow fusion-flex-justify-content-flex-start fusion-content-layout-column\"><div class=\"fusion-text fusion-text-1\"><h1 data-start=\"285\" data-end=\"356\">Vos donn\u00e9es sont en s\u00e9curit\u00e9<\/h1>\n<h2 data-start=\"285\" data-end=\"356\">Politique de confidentialit\u00e9 et protection des donn\u00e9es personnelles<\/h2>\n<h3 data-start=\"358\" data-end=\"378\">1. Introduction<\/h3>\n<p data-start=\"380\" data-end=\"987\">La pr\u00e9sente politique de confidentialit\u00e9 d\u00e9crit la mani\u00e8re dont <strong data-start=\"444\" data-end=\"463\">Les mains sages<\/strong>, repr\u00e9sent\u00e9 par <strong data-start=\"480\" data-end=\"498\">Paul de Stexhe<\/strong>, collecte, utilise, conserve et prot\u00e8ge les donn\u00e9es personnelles des utilisateurs de son site internet et de ses services de r\u00e9servation. Le respect de la vie priv\u00e9e et la protection des donn\u00e9es personnelles constituent une priorit\u00e9. Toutes les donn\u00e9es sont trait\u00e9es conform\u00e9ment au <strong data-start=\"784\" data-end=\"828\">R\u00e8glement (UE) 2016\/679 du 27 avril 2016<\/strong> relatif \u00e0 la protection des personnes physiques \u00e0 l\u2019\u00e9gard du traitement des donn\u00e9es \u00e0 caract\u00e8re personnel (RGPD) ainsi qu\u2019\u00e0 la l\u00e9gislation belge applicable. En acc\u00e9dant au site, en utilisant les formulaires de contact ou de r\u00e9servation, ou en communiquant vos donn\u00e9es par tout autre moyen, vous acceptez cette politique de confidentialit\u00e9.<\/p>\n<hr data-start=\"1175\" data-end=\"1178\" \/>\n<h3 data-start=\"1180\" data-end=\"1213\">2. Responsable du traitement<\/h3>\n<p data-start=\"1215\" data-end=\"1331\">Le responsable du traitement des donn\u00e9es est :<br data-start=\"1261\" data-end=\"1264\" \/><strong data-start=\"1264\" data-end=\"1300\">Paul de Stexhe \u2013 Les mains sages<\/strong><br data-start=\"1300\" data-end=\"1303\" \/>Rue Saint Jacques 26B &#8211; 7130 Binche, Belgique<\/p>\n<p data-start=\"1333\" data-end=\"1500\">Toutes les questions relatives \u00e0 la collecte ou au traitement de vos donn\u00e9es personnelles peuvent \u00eatre adress\u00e9es via le formulaire de contact disponible sur le site.<\/p>\n<hr data-start=\"1502\" data-end=\"1505\" \/>\n<h2 data-start=\"1507\" data-end=\"1533\">3. Donn\u00e9es collect\u00e9es<\/h2>\n<p data-start=\"1535\" data-end=\"1699\">Dans le cadre de son activit\u00e9, <strong data-start=\"1566\" data-end=\"1585\">Les mains sages<\/strong> collecte uniquement les donn\u00e9es strictement n\u00e9cessaires \u00e0 la fourniture de ses services. Ces donn\u00e9es incluent :<\/p>\n<ul data-start=\"1700\" data-end=\"1760\">\n<li data-start=\"1700\" data-end=\"1717\">\n<p data-start=\"1702\" data-end=\"1717\">Nom et pr\u00e9nom<\/p>\n<\/li>\n<li data-start=\"1718\" data-end=\"1736\">\n<p data-start=\"1720\" data-end=\"1736\">Adresse e-mail<\/p>\n<\/li>\n<li data-start=\"1737\" data-end=\"1760\">\n<p data-start=\"1739\" data-end=\"1760\">Num\u00e9ro de t\u00e9l\u00e9phone<\/p>\n<\/li>\n<\/ul>\n<p data-start=\"1762\" data-end=\"1877\">Aucune donn\u00e9e sensible (origine raciale, opinions politiques, sant\u00e9, orientation sexuelle, etc.) n\u2019est collect\u00e9e.<\/p>\n<hr data-start=\"1879\" data-end=\"1882\" \/>\n<h2 data-start=\"1884\" data-end=\"1915\">4. Finalit\u00e9s du traitement<\/h2>\n<p data-start=\"1917\" data-end=\"2001\">Les donn\u00e9es collect\u00e9es sont utilis\u00e9es exclusivement pour les finalit\u00e9s suivantes :<\/p>\n<ul data-start=\"2002\" data-end=\"2376\">\n<li data-start=\"2002\" data-end=\"2070\">\n<p data-start=\"2004\" data-end=\"2070\"><strong data-start=\"2004\" data-end=\"2031\">Gestion des rendez-vous<\/strong> (planification, confirmation, suivi)<\/p>\n<\/li>\n<li data-start=\"2071\" data-end=\"2205\">\n<p data-start=\"2073\" data-end=\"2205\"><strong data-start=\"2073\" data-end=\"2105\">Communication promotionnelle<\/strong> (envoi d\u2019informations, d\u2019offres et de promotions par e-mail ou SMS, uniquement avec consentement)<\/p>\n<\/li>\n<li data-start=\"2206\" data-end=\"2297\">\n<p data-start=\"2208\" data-end=\"2297\"><strong data-start=\"2208\" data-end=\"2233\">Statistiques internes<\/strong> (analyse du nombre de rendez-vous, de la fr\u00e9quentation, etc.)<\/p>\n<\/li>\n<li data-start=\"2298\" data-end=\"2376\">\n<p data-start=\"2300\" data-end=\"2376\"><strong data-start=\"2300\" data-end=\"2339\">Gestion administrative et comptable<\/strong> (facturation, obligations l\u00e9gales)<\/p>\n<\/li>\n<\/ul>\n<p data-start=\"2378\" data-end=\"2481\">Aucune donn\u00e9e ne sera utilis\u00e9e pour d\u2019autres finalit\u00e9s que celles express\u00e9ment mentionn\u00e9es ci-dessus.<\/p>\n<hr data-start=\"2483\" data-end=\"2486\" \/>\n<h2 data-start=\"2488\" data-end=\"2521\">5. Base l\u00e9gale du traitement<\/h2>\n<p data-start=\"2523\" data-end=\"2626\">Conform\u00e9ment au RGPD, les traitements de donn\u00e9es effectu\u00e9s reposent sur les bases l\u00e9gales suivantes :<\/p>\n<ul data-start=\"2627\" data-end=\"3042\">\n<li data-start=\"2627\" data-end=\"2708\">\n<p data-start=\"2629\" data-end=\"2708\"><strong data-start=\"2629\" data-end=\"2657\">L\u2019ex\u00e9cution d\u2019un contrat<\/strong> : gestion de la r\u00e9servation et du suivi du soin.<\/p>\n<\/li>\n<li data-start=\"2709\" data-end=\"2813\">\n<p data-start=\"2711\" data-end=\"2813\"><strong data-start=\"2711\" data-end=\"2730\">Le consentement<\/strong> : pour l\u2019envoi d\u2019informations promotionnelles ou commerciales par e-mail ou SMS.<\/p>\n<\/li>\n<li data-start=\"2814\" data-end=\"2928\">\n<p data-start=\"2816\" data-end=\"2928\"><strong data-start=\"2816\" data-end=\"2838\">L\u2019int\u00e9r\u00eat l\u00e9gitime<\/strong> : pour garantir le bon fonctionnement et l\u2019am\u00e9lioration continue des services propos\u00e9s.<\/p>\n<\/li>\n<li data-start=\"2929\" data-end=\"3042\">\n<p data-start=\"2931\" data-end=\"3042\"><strong data-start=\"2931\" data-end=\"2954\">L\u2019obligation l\u00e9gale<\/strong> : pour la gestion administrative et comptable, incluant la conservation des factures.<\/p>\n<\/li>\n<\/ul>\n<hr data-start=\"3044\" data-end=\"3047\" \/>\n<h2 data-start=\"3049\" data-end=\"3078\">6. Dur\u00e9e de conservation<\/h2>\n<p data-start=\"3080\" data-end=\"3296\">Vos donn\u00e9es personnelles sont conserv\u00e9es pour une dur\u00e9e maximale de <strong data-start=\"3148\" data-end=\"3158\">10 ans<\/strong>, afin de r\u00e9pondre aux obligations l\u00e9gales et comptables en vigueur en Belgique. Pass\u00e9 ce d\u00e9lai, elles sont supprim\u00e9es ou anonymis\u00e9es.<\/p>\n<hr data-start=\"3298\" data-end=\"3301\" \/>\n<h2 data-start=\"3303\" data-end=\"3328\">7. Acc\u00e8s aux donn\u00e9es<\/h2>\n<p data-start=\"3330\" data-end=\"3498\">L\u2019acc\u00e8s aux donn\u00e9es personnelles est strictement limit\u00e9 \u00e0 <strong data-start=\"3388\" data-end=\"3406\">Paul de Stexhe<\/strong>, responsable du traitement. Aucune donn\u00e9e n\u2019est transmise, vendue ou lou\u00e9e \u00e0 des tiers.<\/p>\n<hr data-start=\"3500\" data-end=\"3503\" \/>\n<h2 data-start=\"3505\" data-end=\"3533\">8. S\u00e9curit\u00e9 des donn\u00e9es<\/h2>\n<p data-start=\"3535\" data-end=\"3854\">Toutes les mesures techniques et organisationnelles n\u00e9cessaires sont mises en place pour prot\u00e9ger vos donn\u00e9es personnelles contre toute perte, usage abusif, acc\u00e8s non autoris\u00e9, divulgation ou alt\u00e9ration. La base de donn\u00e9es utilis\u00e9e pour stocker vos informations est <strong data-start=\"3803\" data-end=\"3851\">s\u00e9curis\u00e9e et h\u00e9berg\u00e9e sur un serveur prot\u00e9g\u00e9<\/strong>.<\/p>\n<hr data-start=\"3856\" data-end=\"3859\" \/>\n<h2 data-start=\"3861\" data-end=\"3900\">9. Droits des personnes concern\u00e9es<\/h2>\n<p data-start=\"3902\" data-end=\"3961\">Conform\u00e9ment au RGPD, vous disposez des droits suivants :<\/p>\n<ul data-start=\"3962\" data-end=\"4590\">\n<li data-start=\"3962\" data-end=\"4032\">\n<p data-start=\"3964\" data-end=\"4032\"><strong data-start=\"3964\" data-end=\"3981\">Droit d\u2019acc\u00e8s<\/strong> : obtenir une copie des donn\u00e9es vous concernant.<\/p>\n<\/li>\n<li data-start=\"4033\" data-end=\"4128\">\n<p data-start=\"4035\" data-end=\"4128\"><strong data-start=\"4035\" data-end=\"4061\">Droit de rectification<\/strong> : corriger ou mettre \u00e0 jour vos donn\u00e9es si elles sont inexactes.<\/p>\n<\/li>\n<li data-start=\"4129\" data-end=\"4237\">\n<p data-start=\"4131\" data-end=\"4237\"><strong data-start=\"4131\" data-end=\"4153\">Droit d\u2019effacement<\/strong> : demander la suppression de vos donn\u00e9es, sauf obligation l\u00e9gale de conservation.<\/p>\n<\/li>\n<li data-start=\"4238\" data-end=\"4330\">\n<p data-start=\"4240\" data-end=\"4330\"><strong data-start=\"4240\" data-end=\"4265\">Droit \u00e0 la limitation<\/strong> : limiter l\u2019utilisation de vos donn\u00e9es \u00e0 certains traitements.<\/p>\n<\/li>\n<li data-start=\"4331\" data-end=\"4440\">\n<p data-start=\"4333\" data-end=\"4440\"><strong data-start=\"4333\" data-end=\"4355\">Droit d\u2019opposition<\/strong> : vous opposer au traitement de vos donn\u00e9es \u00e0 des fins de prospection commerciale.<\/p>\n<\/li>\n<li data-start=\"4441\" data-end=\"4590\">\n<p data-start=\"4443\" data-end=\"4590\"><strong data-start=\"4443\" data-end=\"4469\">Droit \u00e0 la portabilit\u00e9<\/strong> : recevoir vos donn\u00e9es dans un format structur\u00e9 et lisible, pour les transmettre \u00e0 un autre responsable de traitement.<\/p>\n<\/li>\n<\/ul>\n<p data-start=\"4592\" data-end=\"4771\">L\u2019exercice de vos droits peut se faire \u00e0 tout moment en contactant directement <strong data-start=\"4671\" data-end=\"4689\">Paul de Stexhe<\/strong> via le formulaire de contact du site ou par tout autre moyen mis \u00e0 disposition.<\/p>\n<hr data-start=\"4773\" data-end=\"4776\" \/>\n<h2 data-start=\"4778\" data-end=\"4810\">10. Cookies et statistiques<\/h2>\n<p data-start=\"4812\" data-end=\"5084\">Le site <strong data-start=\"4820\" data-end=\"4839\">Les mains sages<\/strong> utilise uniquement des cookies techniques n\u00e9cessaires \u00e0 son bon fonctionnement et, le cas \u00e9ch\u00e9ant, des outils statistiques anonymis\u00e9s afin d\u2019am\u00e9liorer l\u2019exp\u00e9rience utilisateur. Aucun cookie publicitaire ou de tra\u00e7age intrusif n\u2019est utilis\u00e9.<\/p>\n<hr data-start=\"5086\" data-end=\"5089\" \/>\n<h2 data-start=\"5091\" data-end=\"5112\">11. Consentement<\/h2>\n<p data-start=\"5114\" data-end=\"5376\">En cochant la case pr\u00e9vue \u00e0 cet effet lors de l\u2019utilisation du formulaire de r\u00e9servation ou du formulaire de contact, vous consentez express\u00e9ment \u00e0 la collecte et au traitement de vos donn\u00e9es personnelles pour les finalit\u00e9s d\u00e9crites dans la pr\u00e9sente politique. Vous pouvez retirer votre consentement \u00e0 tout moment, sans effet r\u00e9troactif, en contactant le responsable du traitement.<\/p>\n<hr data-start=\"5502\" data-end=\"5505\" \/>\n<h2 data-start=\"5507\" data-end=\"5564\">12. Modifications de la politique de confidentialit\u00e9<\/h2>\n<p data-start=\"5566\" data-end=\"5841\"><strong data-start=\"5566\" data-end=\"5585\">Les mains sages<\/strong> se r\u00e9serve le droit de modifier la pr\u00e9sente politique de confidentialit\u00e9 \u00e0 tout moment, notamment pour se conformer \u00e0 d\u2019\u00e9ventuelles \u00e9volutions l\u00e9gislatives ou techniques. Toute modification sera publi\u00e9e sur cette page et applicable d\u00e8s sa mise en ligne.<\/p>\n<hr data-start=\"5843\" data-end=\"5846\" \/>\n<h2 data-start=\"5848\" data-end=\"5899\">13. Droit applicable et juridiction comp\u00e9tente<\/h2>\n<p data-start=\"5901\" data-end=\"6092\">La pr\u00e9sente politique est r\u00e9gie par le droit belge. Tout litige relatif \u00e0 l\u2019interpr\u00e9tation ou \u00e0 l\u2019ex\u00e9cution de cette politique sera soumis \u00e0 la comp\u00e9tence exclusive des juridictions belges.<\/p>\n<\/div><\/div><\/div><\/div><\/div>\n","protected":false},"excerpt":{"rendered":"","protected":false},"author":1,"featured_media":0,"parent":0,"menu_order":0,"comment_status":"closed","ping_status":"open","template":"","meta":{"footnotes":""},"class_list":["post-3","page","type-page","status-publish","hentry"],"yoast_head":"<!-- This site is optimized with the Yoast SEO plugin v27.5 - https:\/\/yoast.com\/product\/yoast-seo-wordpress\/ -->\n<title>Vos donn\u00e9es sont en s\u00e9curit\u00e9 - Les mains sages<\/title>\n<meta name=\"description\" content=\"Politique de confidentialit\u00e9 Les mains sages : d\u00e9couvrez comment vos donn\u00e9es sont collect\u00e9es, prot\u00e9g\u00e9es et utilis\u00e9es en toute s\u00e9curit\u00e9.\" \/>\n<meta name=\"robots\" content=\"index, follow, max-snippet:-1, max-image-preview:large, max-video-preview:-1\" \/>\n<link rel=\"canonical\" href=\"https:\/\/lesmainssages.be\/index.php\/confidentialite\/\" \/>\n<meta property=\"og:locale\" content=\"fr_FR\" \/>\n<meta property=\"og:type\" content=\"article\" \/>\n<meta property=\"og:title\" content=\"Vos donn\u00e9es sont en s\u00e9curit\u00e9 - Les mains sages\" \/>\n<meta property=\"og:description\" content=\"Politique de confidentialit\u00e9 Les mains sages : d\u00e9couvrez comment vos donn\u00e9es sont collect\u00e9es, prot\u00e9g\u00e9es et utilis\u00e9es en toute s\u00e9curit\u00e9.\" \/>\n<meta property=\"og:url\" content=\"https:\/\/lesmainssages.be\/index.php\/confidentialite\/\" \/>\n<meta property=\"og:site_name\" content=\"Les mains sages\" \/>\n<meta property=\"article:modified_time\" content=\"2026-04-30T08:09:54+00:00\" \/>\n<meta name=\"twitter:card\" content=\"summary_large_image\" \/>\n<meta name=\"twitter:label1\" content=\"Dur\u00e9e de lecture est.\" \/>\n\t<meta name=\"twitter:data1\" content=\"5 minutes\" \/>\n<script type=\"application\/ld+json\" class=\"yoast-schema-graph\">{\"@context\":\"https:\\\/\\\/schema.org\",\"@graph\":[{\"@type\":\"WebPage\",\"@id\":\"https:\\\/\\\/lesmainssages.be\\\/index.php\\\/confidentialite\\\/\",\"url\":\"https:\\\/\\\/lesmainssages.be\\\/index.php\\\/confidentialite\\\/\",\"name\":\"Vos donn\u00e9es sont en s\u00e9curit\u00e9 - Les mains sages\",\"isPartOf\":{\"@id\":\"https:\\\/\\\/lesmainssages.be\\\/#website\"},\"datePublished\":\"2025-09-07T14:04:44+00:00\",\"dateModified\":\"2026-04-30T08:09:54+00:00\",\"description\":\"Politique de confidentialit\u00e9 Les mains sages : d\u00e9couvrez comment vos donn\u00e9es sont collect\u00e9es, prot\u00e9g\u00e9es et utilis\u00e9es en toute s\u00e9curit\u00e9.\",\"breadcrumb\":{\"@id\":\"https:\\\/\\\/lesmainssages.be\\\/index.php\\\/confidentialite\\\/#breadcrumb\"},\"inLanguage\":\"fr-BE\",\"potentialAction\":[{\"@type\":\"ReadAction\",\"target\":[\"https:\\\/\\\/lesmainssages.be\\\/index.php\\\/confidentialite\\\/\"]}]},{\"@type\":\"BreadcrumbList\",\"@id\":\"https:\\\/\\\/lesmainssages.be\\\/index.php\\\/confidentialite\\\/#breadcrumb\",\"itemListElement\":[{\"@type\":\"ListItem\",\"position\":1,\"name\":\"Accueil\",\"item\":\"https:\\\/\\\/lesmainssages.be\\\/\"},{\"@type\":\"ListItem\",\"position\":2,\"name\":\"Vos donn\u00e9es sont en s\u00e9curit\u00e9\"}]},{\"@type\":\"WebSite\",\"@id\":\"https:\\\/\\\/lesmainssages.be\\\/#website\",\"url\":\"https:\\\/\\\/lesmainssages.be\\\/\",\"name\":\"Les mains sages\",\"description\":\"\",\"publisher\":{\"@id\":\"https:\\\/\\\/lesmainssages.be\\\/#\\\/schema\\\/person\\\/265c6429c6193918779b371d93a513c5\"},\"potentialAction\":[{\"@type\":\"SearchAction\",\"target\":{\"@type\":\"EntryPoint\",\"urlTemplate\":\"https:\\\/\\\/lesmainssages.be\\\/?s={search_term_string}\"},\"query-input\":{\"@type\":\"PropertyValueSpecification\",\"valueRequired\":true,\"valueName\":\"search_term_string\"}}],\"inLanguage\":\"fr-BE\"},{\"@type\":[\"Person\",\"Organization\"],\"@id\":\"https:\\\/\\\/lesmainssages.be\\\/#\\\/schema\\\/person\\\/265c6429c6193918779b371d93a513c5\",\"name\":\"Paul de Stexhe\",\"image\":{\"@type\":\"ImageObject\",\"inLanguage\":\"fr-BE\",\"@id\":\"https:\\\/\\\/lesmainssages.be\\\/wp-content\\\/uploads\\\/2025\\\/09\\\/LesMainsSages_Logo_OK.jpg\",\"url\":\"https:\\\/\\\/lesmainssages.be\\\/wp-content\\\/uploads\\\/2025\\\/09\\\/LesMainsSages_Logo_OK.jpg\",\"contentUrl\":\"https:\\\/\\\/lesmainssages.be\\\/wp-content\\\/uploads\\\/2025\\\/09\\\/LesMainsSages_Logo_OK.jpg\",\"width\":1668,\"height\":1667,\"caption\":\"Paul de Stexhe\"},\"logo\":{\"@id\":\"https:\\\/\\\/lesmainssages.be\\\/wp-content\\\/uploads\\\/2025\\\/09\\\/LesMainsSages_Logo_OK.jpg\"},\"sameAs\":[\"http:\\\/\\\/lesmainssages.be\"]}]}<\/script>\n<!-- \/ Yoast SEO plugin. -->","yoast_head_json":{"title":"Vos donn\u00e9es sont en s\u00e9curit\u00e9 - Les mains sages","description":"Politique de confidentialit\u00e9 Les mains sages : d\u00e9couvrez comment vos donn\u00e9es sont collect\u00e9es, prot\u00e9g\u00e9es et utilis\u00e9es en toute s\u00e9curit\u00e9.","robots":{"index":"index","follow":"follow","max-snippet":"max-snippet:-1","max-image-preview":"max-image-preview:large","max-video-preview":"max-video-preview:-1"},"canonical":"https:\/\/lesmainssages.be\/index.php\/confidentialite\/","og_locale":"fr_FR","og_type":"article","og_title":"Vos donn\u00e9es sont en s\u00e9curit\u00e9 - Les mains sages","og_description":"Politique de confidentialit\u00e9 Les mains sages : d\u00e9couvrez comment vos donn\u00e9es sont collect\u00e9es, prot\u00e9g\u00e9es et utilis\u00e9es en toute s\u00e9curit\u00e9.","og_url":"https:\/\/lesmainssages.be\/index.php\/confidentialite\/","og_site_name":"Les mains sages","article_modified_time":"2026-04-30T08:09:54+00:00","twitter_card":"summary_large_image","twitter_misc":{"Dur\u00e9e de lecture est.":"5 minutes"},"schema":{"@context":"https:\/\/schema.org","@graph":[{"@type":"WebPage","@id":"https:\/\/lesmainssages.be\/index.php\/confidentialite\/","url":"https:\/\/lesmainssages.be\/index.php\/confidentialite\/","name":"Vos donn\u00e9es sont en s\u00e9curit\u00e9 - Les mains sages","isPartOf":{"@id":"https:\/\/lesmainssages.be\/#website"},"datePublished":"2025-09-07T14:04:44+00:00","dateModified":"2026-04-30T08:09:54+00:00","description":"Politique de confidentialit\u00e9 Les mains sages : d\u00e9couvrez comment vos donn\u00e9es sont collect\u00e9es, prot\u00e9g\u00e9es et utilis\u00e9es en toute s\u00e9curit\u00e9.","breadcrumb":{"@id":"https:\/\/lesmainssages.be\/index.php\/confidentialite\/#breadcrumb"},"inLanguage":"fr-BE","potentialAction":[{"@type":"ReadAction","target":["https:\/\/lesmainssages.be\/index.php\/confidentialite\/"]}]},{"@type":"BreadcrumbList","@id":"https:\/\/lesmainssages.be\/index.php\/confidentialite\/#breadcrumb","itemListElement":[{"@type":"ListItem","position":1,"name":"Accueil","item":"https:\/\/lesmainssages.be\/"},{"@type":"ListItem","position":2,"name":"Vos donn\u00e9es sont en s\u00e9curit\u00e9"}]},{"@type":"WebSite","@id":"https:\/\/lesmainssages.be\/#website","url":"https:\/\/lesmainssages.be\/","name":"Les mains sages","description":"","publisher":{"@id":"https:\/\/lesmainssages.be\/#\/schema\/person\/265c6429c6193918779b371d93a513c5"},"potentialAction":[{"@type":"SearchAction","target":{"@type":"EntryPoint","urlTemplate":"https:\/\/lesmainssages.be\/?s={search_term_string}"},"query-input":{"@type":"PropertyValueSpecification","valueRequired":true,"valueName":"search_term_string"}}],"inLanguage":"fr-BE"},{"@type":["Person","Organization"],"@id":"https:\/\/lesmainssages.be\/#\/schema\/person\/265c6429c6193918779b371d93a513c5","name":"Paul de Stexhe","image":{"@type":"ImageObject","inLanguage":"fr-BE","@id":"https:\/\/lesmainssages.be\/wp-content\/uploads\/2025\/09\/LesMainsSages_Logo_OK.jpg","url":"https:\/\/lesmainssages.be\/wp-content\/uploads\/2025\/09\/LesMainsSages_Logo_OK.jpg","contentUrl":"https:\/\/lesmainssages.be\/wp-content\/uploads\/2025\/09\/LesMainsSages_Logo_OK.jpg","width":1668,"height":1667,"caption":"Paul de Stexhe"},"logo":{"@id":"https:\/\/lesmainssages.be\/wp-content\/uploads\/2025\/09\/LesMainsSages_Logo_OK.jpg"},"sameAs":["http:\/\/lesmainssages.be"]}]}},"_links":{"self":[{"href":"https:\/\/lesmainssages.be\/index.php\/wp-json\/wp\/v2\/pages\/3","targetHints":{"allow":["GET"]}}],"collection":[{"href":"https:\/\/lesmainssages.be\/index.php\/wp-json\/wp\/v2\/pages"}],"about":[{"href":"https:\/\/lesmainssages.be\/index.php\/wp-json\/wp\/v2\/types\/page"}],"author":[{"embeddable":true,"href":"https:\/\/lesmainssages.be\/index.php\/wp-json\/wp\/v2\/users\/1"}],"replies":[{"embeddable":true,"href":"https:\/\/lesmainssages.be\/index.php\/wp-json\/wp\/v2\/comments?post=3"}],"version-history":[{"count":7,"href":"https:\/\/lesmainssages.be\/index.php\/wp-json\/wp\/v2\/pages\/3\/revisions"}],"predecessor-version":[{"id":1653,"href":"https:\/\/lesmainssages.be\/index.php\/wp-json\/wp\/v2\/pages\/3\/revisions\/1653"}],"wp:attachment":[{"href":"https:\/\/lesmainssages.be\/index.php\/wp-json\/wp\/v2\/media?parent=3"}],"curies":[{"name":"wp","href":"https:\/\/api.w.org\/{rel}","templated":true}]}}